{"id":66,"date":"2019-07-14T23:37:37","date_gmt":"2019-07-14T21:37:37","guid":{"rendered":"http:\/\/gamecrew.es\/?page_id=66"},"modified":"2019-07-19T15:00:12","modified_gmt":"2019-07-19T13:00:12","slug":"aviso-legal","status":"publish","type":"page","link":"https:\/\/gamecrew.es\/index.php\/aviso-legal\/","title":{"rendered":"Aviso Legal"},"content":{"rendered":"\n<p>Mari Carmen Herrero Martinez (GameCrew.es), provisto con NIF\/CIF 44794646F, direcci\u00f3n C\/Cozar, 8 , 46520 Puerto Sagunto, no puede asumir ninguna responsabilidad derivada del uso incorrecto, inapropiado o il\u00edcito de la informaci\u00f3n aparecida en la p\u00e1gina de Internet de GameCrew.es<\/p>\n\n\n\n<p>Con los l\u00edmites establecidos en la ley, GameCrew no asume ninguna responsabilidad derivada de la falta de veracidad, integridad, actualizaci\u00f3n y precisi\u00f3n de los datos o informaciones que se contienen en sus p\u00e1ginas de Internet.<\/p>\n\n\n\n<p>Los contenidos e informaci\u00f3n no vinculan a GameCrew ni constituyen opiniones, consejos o asesoramiento legal de ning\u00fan tipo pues se trata meramente de un servicio ofrecido con car\u00e1cter informativo y divulgativo.<\/p>\n\n\n\n<p>La p\u00e1gina de Internet de GameCrew puede contener enlaces (links) a otras p\u00e1ginas de terceras partes que GameCrew no puede controlar. Por lo tanto, GameCrew no puede asumir responsabilidades por el contenido que pueda aparecer en p\u00e1ginas de terceros.<\/p>\n\n\n\n<p>Los textos, im\u00e1genes, sonidos, animaciones, software y el resto de contenidos incluidos en este website son propiedad exclusiva de GameCrew o sus licenciantes. Cualquier acto de transmisi\u00f3n, distribuci\u00f3n, cesi\u00f3n, reproducci\u00f3n, almacenamiento o comunicaci\u00f3n p\u00fablica total o parcial, debe contar con el consentimiento expreso de GameCrew<\/p>\n\n\n\n<h2 class=\"wp-block-heading\">Pol\u00edtica de privacidad<\/h2>\n\n\n\n<p>Asimismo, para acceder a algunos de los servicios que GameCrew ofrece a trav\u00e9s del website deber\u00e1 proporcionar algunos datos de car\u00e1cter personal.  De conformidad con lo establecido en la normativa vigente en Protecci\u00f3n de Datos de Car\u00e1cter Personal, le informamos que sus datos ser\u00e1n incorporados al sistema de tratamiento titulariadad de Mari Carment Herrero Martinez con CIF 44794646F y domicilio social sito en AVD La Ribera, 6, Bajo 46520 Puerto de Sagunto (Valencia), con la finalidad de atender sus consultas y remitirle i nformaci\u00f3n relacionada que pueda ser de su inter\u00e9s. En cumplimiento con la normativa vigente, Mari Carmen Herrero Martninez informa que los datos ser\u00e1n conservados durante el plazo estrictamente necesario para cumplir con los preceptos mencionados con aterioridad.<\/p>\n\n\n\n<p>Mientras no nos comunique lo contrario, entenderemos que sus datos no han sido modificados, que usted se compromete a notificarnos cualquier variaci\u00f3n y que tenemos su consentimiento para utilizarlos para las finalidades mencionadas.<\/p>\n\n\n\n<p>Mari Carment Herrero Martinez imforma que proceder\u00e1 a tratar los datos de manera l\u00edcita, lear, transparente, adecuada, pertinente, limitada, exacta y actualizada. Es por ello que Mari Carmen Herrero Martinez se compromete a adoptar todas las medidas razonables para que estos se supriman o rectifiquen sin dilaci\u00f3n cuando sean inexactos.<\/p>\n\n\n\n<p>De acuerdo con los derechos que le confiere el la normativa vigente en protecci\u00f3n de datos podr\u00e1 ejercer los derechos de acceso, rectificaci\u00f3n, limitaci\u00f3n de tratamiento, supresi\u00f3n, portabilidad y oposici\u00f3n al tratamiento de sus datos de car\u00e1cter personla as\u00ed como del consentimiento prestado para el tratamiento de los mismos dirigiendo su petici\u00f3n a la direcci\u00f3n postal indicada m\u00e1s arriba o al correo info@gamecrew.es.<\/p>\n\n\n\n<p>A su vez le informamos qwue puede contactar con el Delegado de Protecci\u00f3n de Datos de Mari Carmen Herrero Martinez, dirigi\u00e9ndose por escrito a la direcci\u00f3n de correo dpo.cliente@conversia.es o al tel\u00e9fono 902877192.<\/p>\n\n\n\n<p>Podr\u00e1 dirigirse a la Autoridad de Control competente para presentar la reclamaci\u00f3n que considere oportuna.<\/p>\n\n\n\n<p>Con envio del formulario de recogida de datos usted acepta la pol\u00edtica de privacidad de Mari Carmen Herrero Martinez (GameCrew.es).<\/p>\n","protected":false},"excerpt":{"rendered":"<p>Mari Carmen Herrero Martinez (GameCrew.es), provisto con NIF\/CIF 44794646F, direcci\u00f3n C\/Cozar, 8 , 46520 Puerto Sagunto, no puede asumir ninguna responsabilidad derivada del uso incorrecto, inapropiado o il\u00edcito de la informaci\u00f3n aparecida en la p\u00e1gina de Internet de GameCrew.es Con los l\u00edmites establecidos en la ley, GameCrew no asume ninguna responsabilidad derivada de la falta [&#8230;]<\/p>\n<p><a class=\"btn btn-secondary understrap-read-more-link\" href=\"https:\/\/gamecrew.es\/index.php\/aviso-legal\/\">Leer m\u00e1s&#8230;<\/a><\/p>\n","protected":false},"author":1,"featured_media":0,"parent":0,"menu_order":0,"comment_status":"closed","ping_status":"closed","template":"","meta":{"footnotes":""},"class_list":["post-66","page","type-page","status-publish","hentry"],"_links":{"self":[{"href":"https:\/\/gamecrew.es\/index.php\/wp-json\/wp\/v2\/pages\/66","targetHints":{"allow":["GET"]}}],"collection":[{"href":"https:\/\/gamecrew.es\/index.php\/wp-json\/wp\/v2\/pages"}],"about":[{"href":"https:\/\/gamecrew.es\/index.php\/wp-json\/wp\/v2\/types\/page"}],"author":[{"embeddable":true,"href":"https:\/\/gamecrew.es\/index.php\/wp-json\/wp\/v2\/users\/1"}],"replies":[{"embeddable":true,"href":"https:\/\/gamecrew.es\/index.php\/wp-json\/wp\/v2\/comments?post=66"}],"version-history":[{"count":5,"href":"https:\/\/gamecrew.es\/index.php\/wp-json\/wp\/v2\/pages\/66\/revisions"}],"predecessor-version":[{"id":92,"href":"https:\/\/gamecrew.es\/index.php\/wp-json\/wp\/v2\/pages\/66\/revisions\/92"}],"wp:attachment":[{"href":"https:\/\/gamecrew.es\/index.php\/wp-json\/wp\/v2\/media?parent=66"}],"curies":[{"name":"wp","href":"https:\/\/api.w.org\/{rel}","templated":true}]}}