{"id":42,"date":"2019-07-12T01:09:03","date_gmt":"2019-07-11T23:09:03","guid":{"rendered":"http:\/\/gamecrew.es\/?page_id=42"},"modified":"2019-10-01T18:54:53","modified_gmt":"2019-10-01T16:54:53","slug":"informacion","status":"publish","type":"page","link":"https:\/\/gamecrew.es\/index.php\/informacion\/","title":{"rendered":"Informaci\u00f3n"},"content":{"rendered":"\n<h2 class=\"wp-block-heading\">Lobby<\/h2>\n\n\n\n<p>Lo primero que ver\u00e9is nada m\u00e1s llegar a Game Crew ser\u00e1 nuestro Lobby. Lo hemos dise\u00f1ado como un lugar en el que pod\u00e1is esperar a vuestra Crew, o simplemente hacer tiempo hasta que llega la hora de vuestra sesi\u00f3n. En el Lobby podr\u00e9is relajaros en nuestros sof\u00e1s, <strong>calentar con nuestra Arcade<\/strong>, tomar algo antes de entrar o <strong>echar alguna partida al futbol\u00edn<\/strong>. (Adem\u00e1s <strong>disponemos de 4 PC\u2019s Gaming<\/strong> en los que podr\u00e9is jugar con vuestros amigos si quer\u00e9is dejar la Realidad Virtual para otro momento.<\/p>\n\n\n\n<h2 class=\"wp-block-heading\">5 Boxes, cientos de retos.<\/h2>\n\n\n\n<p>En Game Crew contamos con cinco espacios de juego, adem\u00e1s del Lobby. Cuatro de estos espacios son boxes dotados con equipos especializados para realidad virtual, pantalla y sof\u00e1 donde relajaros y disfrutar mientras no est\u00e9is jugando. Cada equipo cuenta con un cat\u00e1logo de juegos com\u00fan, por lo que no ten\u00e9is que preocuparos sobre qu\u00e9 box reservar.<\/p>\n\n\n\n<p>Adem\u00e1s, tenemos un quinto espacio <strong>VIP<\/strong> con adecuaci\u00f3n sonora, aislamiento del resto de boxes, decoraci\u00f3n especial\u2026 por si prefer\u00eds una experiencia a\u00fan m\u00e1s exclusiva.<\/p>\n\n\n\n<p>Y por supuesto, todos nuestros gamers tendr\u00e9is <strong>Wi-Fi gratis<\/strong>.<\/p>\n","protected":false},"excerpt":{"rendered":"<p>Lobby Lo primero que ver\u00e9is nada m\u00e1s llegar a Game Crew ser\u00e1 nuestro Lobby. Lo hemos dise\u00f1ado como un lugar en el que pod\u00e1is esperar a vuestra Crew, o simplemente hacer tiempo hasta que llega la hora de vuestra sesi\u00f3n. En el Lobby podr\u00e9is relajaros en nuestros sof\u00e1s, calentar con nuestra Arcade, tomar algo antes [&#8230;]<\/p>\n<p><a class=\"btn btn-secondary understrap-read-more-link\" href=\"https:\/\/gamecrew.es\/index.php\/informacion\/\">Leer m\u00e1s&#8230;<\/a><\/p>\n","protected":false},"author":1,"featured_media":32,"parent":0,"menu_order":0,"comment_status":"closed","ping_status":"closed","template":"","meta":{"footnotes":""},"class_list":["post-42","page","type-page","status-publish","has-post-thumbnail","hentry"],"_links":{"self":[{"href":"https:\/\/gamecrew.es\/index.php\/wp-json\/wp\/v2\/pages\/42","targetHints":{"allow":["GET"]}}],"collection":[{"href":"https:\/\/gamecrew.es\/index.php\/wp-json\/wp\/v2\/pages"}],"about":[{"href":"https:\/\/gamecrew.es\/index.php\/wp-json\/wp\/v2\/types\/page"}],"author":[{"embeddable":true,"href":"https:\/\/gamecrew.es\/index.php\/wp-json\/wp\/v2\/users\/1"}],"replies":[{"embeddable":true,"href":"https:\/\/gamecrew.es\/index.php\/wp-json\/wp\/v2\/comments?post=42"}],"version-history":[{"count":4,"href":"https:\/\/gamecrew.es\/index.php\/wp-json\/wp\/v2\/pages\/42\/revisions"}],"predecessor-version":[{"id":225,"href":"https:\/\/gamecrew.es\/index.php\/wp-json\/wp\/v2\/pages\/42\/revisions\/225"}],"wp:featuredmedia":[{"embeddable":true,"href":"https:\/\/gamecrew.es\/index.php\/wp-json\/wp\/v2\/media\/32"}],"wp:attachment":[{"href":"https:\/\/gamecrew.es\/index.php\/wp-json\/wp\/v2\/media?parent=42"}],"curies":[{"name":"wp","href":"https:\/\/api.w.org\/{rel}","templated":true}]}}